{"id":171,"date":"2019-05-11T16:14:38","date_gmt":"2019-05-11T15:14:38","guid":{"rendered":"http:\/\/www.zencrisis.ch\/?page_id=171"},"modified":"2020-10-24T21:36:25","modified_gmt":"2020-10-24T20:36:25","slug":"formation","status":"publish","type":"page","link":"https:\/\/www.zencrisis.ch\/?page_id=171","title":{"rendered":"Formation"},"content":{"rendered":"<p>[et_pb_section fb_built=\u00a0\u00bb1&Prime; admin_label=\u00a0\u00bbsection\u00a0\u00bb _builder_version=\u00a0\u00bb3.22&Prime; custom_padding=\u00a0\u00bb||0px|||\u00a0\u00bb][et_pb_row admin_label=\u00a0\u00bbrow\u00a0\u00bb _builder_version=\u00a0\u00bb3.25&Prime; background_size=\u00a0\u00bbinitial\u00a0\u00bb background_position=\u00a0\u00bbtop_left\u00a0\u00bb background_repeat=\u00a0\u00bbrepeat\u00a0\u00bb][et_pb_column type=\u00a0\u00bb4_4&Prime; _builder_version=\u00a0\u00bb3.25&Prime; custom_padding=\u00a0\u00bb|||\u00a0\u00bb custom_padding__hover=\u00a0\u00bb|||\u00a0\u00bb][et_pb_text admin_label=\u00a0\u00bbText\u00a0\u00bb _builder_version=\u00a0\u00bb3.27.4&Prime; background_size=\u00a0\u00bbinitial\u00a0\u00bb background_position=\u00a0\u00bbtop_left\u00a0\u00bb background_repeat=\u00a0\u00bbrepeat\u00a0\u00bb]<\/p>\n<p><strong>\u00a0La formation et l\u2019entra\u00eenement des acteurs de la crise est essentiel !<\/strong><\/p>\n<p>Savoir d\u00e9finir un plan de communication, r\u00e9diger ad\u00e9quatement pour diff\u00e9rents supports, concevoir une strat\u00e9gie de communication sont autant de comp\u00e9tences \u00e0 acqu\u00e9rir avant d&rsquo;\u00eatre confront\u00e9 \u00e0 une crise.<\/p>\n<p>L&rsquo;entra\u00eenement est \u00e9galement essentiel: il permet d\u2019acqu\u00e9rir des automatismes qui seront pr\u00e9cieux en temps de crise. Dans un contexte o\u00f9 il faut r\u00e9agir rapidement dans un environnement charg\u00e9 en \u00e9motion, ce sera un atout.<\/p>\n<p>Quelques exemples de formation:<span style=\"font-size: 14px;\">\u00a0<\/span><\/p>\n<ul>\n<li>Communication de crise: strat\u00e9gie et outils,<\/li>\n<li>Utilisation des r\u00e9seaux sociaux en temps de crise,<\/li>\n<li>M\u00e9dias training,<\/li>\n<li>Identifier les risques d&rsquo;image.<\/li>\n<\/ul>\n<p>\u00a0<span style=\"font-size: 14px;\">Nos formations sont modulaires et s&rsquo;adaptent \u00e0 vos besoins !<\/span><\/p>\n<p>[\/et_pb_text][\/et_pb_column][\/et_pb_row][\/et_pb_section][et_pb_section fb_built=\u00a0\u00bb1&Prime; _builder_version=\u00a0\u00bb4.6.6&Prime; _module_preset=\u00a0\u00bbdefault\u00a0\u00bb min_height=\u00a0\u00bb788px\u00a0\u00bb][et_pb_row _builder_version=\u00a0\u00bb4.6.6&Prime; _module_preset=\u00a0\u00bbdefault\u00a0\u00bb min_height=\u00a0\u00bb615px\u00a0\u00bb][et_pb_column _builder_version=\u00a0\u00bb4.6.6&Prime; _module_preset=\u00a0\u00bbdefault\u00a0\u00bb type=\u00a0\u00bb4_4&Prime;][et_pb_image src=\u00a0\u00bbhttps:\/\/www.zencrisis.ch\/wp-content\/uploads\/2020\/06\/woman_958x500.png\u00a0\u00bb _builder_version=\u00a0\u00bb4.6.6&Prime; _module_preset=\u00a0\u00bbdefault\u00a0\u00bb title_text=\u00a0\u00bbwoman_958x500&Prime; hover_enabled=\u00a0\u00bb0&Prime; sticky_enabled=\u00a0\u00bb0&Prime;][\/et_pb_image][\/et_pb_column][\/et_pb_row][\/et_pb_section]<\/p>\n","protected":false},"excerpt":{"rendered":"<p>\u00a0La formation et l\u2019entra\u00eenement des acteurs de la crise est essentiel ! Savoir d\u00e9finir un plan de communication, r\u00e9diger ad\u00e9quatement pour diff\u00e9rents supports, concevoir une strat\u00e9gie de communication sont autant de comp\u00e9tences \u00e0 acqu\u00e9rir avant d&rsquo;\u00eatre confront\u00e9 \u00e0 une crise. L&rsquo;entra\u00eenement est \u00e9galement essentiel: il permet d\u2019acqu\u00e9rir des automatismes qui seront pr\u00e9cieux en temps de [&hellip;]<\/p>\n","protected":false},"author":1,"featured_media":0,"parent":152,"menu_order":0,"comment_status":"closed","ping_status":"closed","template":"","meta":{"_et_pb_use_builder":"on","_et_pb_old_content":"La formation et l\u2019entra\u00eenement des acteurs de la crise est essentiel.\n\nSavoir d\u00e9finir un plan de communication, r\u00e9diger ad\u00e9quatement pour diff\u00e9rents supports, concevoir une strat\u00e9gie de communication sont autant de comp\u00e9tences \u00e0 acqu\u00e9rir avant d'\u00eatre confront\u00e9 \u00e0 une crise.\n\nL'entra\u00eenement est \u00e9galement essentiel: il permet d\u2019acqu\u00e9rir des automatismes qui seront pr\u00e9cieux en temps de crise. Dans un contexte o\u00f9 il faut r\u00e9agir rapidement dans un environnement charg\u00e9 en \u00e9motion, ce sera un atout.\n\nQuelques exemples de formation:\n<ul>\n \t<li>Communication de crise: strat\u00e9gie et outils<\/li>\n \t<li>Utilisation des r\u00e9seaux sociaux en temps de crise<\/li>\n \t<li>M\u00e9dias training<\/li>\n \t<li>Identifier les risques d'image<\/li>\n<\/ul>","_et_gb_content_width":"","footnotes":""},"class_list":["post-171","page","type-page","status-publish","hentry"],"_links":{"self":[{"href":"https:\/\/www.zencrisis.ch\/index.php?rest_route=\/wp\/v2\/pages\/171","targetHints":{"allow":["GET"]}}],"collection":[{"href":"https:\/\/www.zencrisis.ch\/index.php?rest_route=\/wp\/v2\/pages"}],"about":[{"href":"https:\/\/www.zencrisis.ch\/index.php?rest_route=\/wp\/v2\/types\/page"}],"author":[{"embeddable":true,"href":"https:\/\/www.zencrisis.ch\/index.php?rest_route=\/wp\/v2\/users\/1"}],"replies":[{"embeddable":true,"href":"https:\/\/www.zencrisis.ch\/index.php?rest_route=%2Fwp%2Fv2%2Fcomments&post=171"}],"version-history":[{"count":4,"href":"https:\/\/www.zencrisis.ch\/index.php?rest_route=\/wp\/v2\/pages\/171\/revisions"}],"predecessor-version":[{"id":326,"href":"https:\/\/www.zencrisis.ch\/index.php?rest_route=\/wp\/v2\/pages\/171\/revisions\/326"}],"up":[{"embeddable":true,"href":"https:\/\/www.zencrisis.ch\/index.php?rest_route=\/wp\/v2\/pages\/152"}],"wp:attachment":[{"href":"https:\/\/www.zencrisis.ch\/index.php?rest_route=%2Fwp%2Fv2%2Fmedia&parent=171"}],"curies":[{"name":"wp","href":"https:\/\/api.w.org\/{rel}","templated":true}]}}