{"id":117,"date":"2018-10-07T13:46:58","date_gmt":"2018-10-07T12:46:58","guid":{"rendered":"http:\/\/www.zencrisis.ch\/?page_id=117"},"modified":"2020-10-24T21:28:04","modified_gmt":"2020-10-24T20:28:04","slug":"mes-services","status":"publish","type":"page","link":"https:\/\/www.zencrisis.ch\/?page_id=117","title":{"rendered":"Conseils et strat\u00e9gie"},"content":{"rendered":"<p>[et_pb_section fb_built=\u00a0\u00bb1&Prime; _builder_version=\u00a0\u00bb3.22&Prime;][et_pb_row _builder_version=\u00a0\u00bb3.25&Prime; background_size=\u00a0\u00bbinitial\u00a0\u00bb background_position=\u00a0\u00bbtop_left\u00a0\u00bb background_repeat=\u00a0\u00bbrepeat\u00a0\u00bb][et_pb_column type=\u00a0\u00bb4_4&Prime; _builder_version=\u00a0\u00bb3.25&Prime; custom_padding=\u00a0\u00bb|||\u00a0\u00bb custom_padding__hover=\u00a0\u00bb|||\u00a0\u00bb][et_pb_text _builder_version=\u00a0\u00bb3.27.4&Prime; background_size=\u00a0\u00bbinitial\u00a0\u00bb background_position=\u00a0\u00bbtop_left\u00a0\u00bb background_repeat=\u00a0\u00bbrepeat\u00a0\u00bb]Chaque phase d&rsquo;une crise est importante et induit des actions diff\u00e9rentes. J&rsquo;interviens dans chacune de ses \u00e9tapes selon les besoins.<\/p>\n<p><strong>Pr\u00e9paration<\/strong><\/p>\n<p>Aujourd\u2019hui, les organisations doivent se pr\u00e9parer \u00e0 affronter des p\u00e9riodes sensibles, des crises. Cette pr\u00e9paration doit \u00eatre faite avec discernement et en adoptant une vision \u00e0 long terme. Elle sera essentielle pour \u00eatre plus efficace en cas de crise.<\/p>\n<p>Ainsi, j&rsquo;interviens pour :<\/p>\n<ul>\n<li>Analyser les risques, les sujets sensibles<\/li>\n<li>D\u00e9finir la proc\u00e9dure en cas de crise<\/li>\n<li>Mettre en place l\u2019organisation et les r\u00f4les des acteurs<\/li>\n<li>Pr\u00e9parer les plans de communication<\/li>\n<li>\u00c9tablir la strat\u00e9gie de communication en cas de crise<\/li>\n<\/ul>\n<p><strong>Gestion<\/strong><\/p>\n<p>Piloter la communication en temps de crise est extr\u00eamement d\u00e9licat. Aujourd\u2019hui le panorama de la communication a beaucoup \u00e9volu\u00e9. Les r\u00e9seaux sociaux notamment sont venus bouleverser les pratiques en termes d\u2019information. Quand r\u00e9pondre&nbsp;? sur quel r\u00e9seau&nbsp;? Avec quel message&nbsp;? sont autant de questions \u00e0 r\u00e9soudre.<\/p>\n<p>La m\u00e9thodologie Zencrisis \u00a9 est sp\u00e9cialement \u00e9tudi\u00e9e pour r\u00e9pondre \u00e0 ces questions.<\/p>\n<p><strong>Restauration<\/strong><\/p>\n<p>Trop souvent n\u00e9glig\u00e9e, voire oubli\u00e9e, la restauration est essentielle pour aider l\u2019organisation \u00e0 progresser. A la suite d\u2019une crise, l\u2019organisation doit reconstruire son image. Elle doit donc d\u00e9finir ce qu\u2019elle va entreprendre et dans quelle(s) mesure(s) elle peut y arriver.<\/p>\n<p>L\u2019impact de la crise devra aussi \u00eatre analys\u00e9 sous l\u2019angle des processus.[\/et_pb_text][\/et_pb_column][\/et_pb_row][et_pb_row _builder_version=\u00a0\u00bb4.6.6&Prime; _module_preset=\u00a0\u00bbdefault\u00a0\u00bb][et_pb_column _builder_version=\u00a0\u00bb4.6.6&Prime; _module_preset=\u00a0\u00bbdefault\u00a0\u00bb type=\u00a0\u00bb4_4&Prime;][et_pb_image src=\u00a0\u00bbhttps:\/\/www.zencrisis.ch\/wp-content\/uploads\/2020\/06\/technology-2082642.jpg\u00a0\u00bb _builder_version=\u00a0\u00bb4.6.6&Prime; _module_preset=\u00a0\u00bbdefault\u00a0\u00bb title_text=\u00a0\u00bbtechnology-2082642&Prime; hover_enabled=\u00a0\u00bb0&Prime; sticky_enabled=\u00a0\u00bb0&Prime; custom_padding=\u00a0\u00bb||0px|||\u00a0\u00bb min_height=\u00a0\u00bb517px\u00a0\u00bb][\/et_pb_image][\/et_pb_column][\/et_pb_row][\/et_pb_section]<\/p>\n","protected":false},"excerpt":{"rendered":"<p>Chaque phase d&rsquo;une crise est importante et induit des actions diff\u00e9rentes. J&rsquo;interviens dans chacune de ses \u00e9tapes selon les besoins. Pr\u00e9paration Aujourd\u2019hui, les organisations doivent se pr\u00e9parer \u00e0 affronter des p\u00e9riodes sensibles, des crises. Cette pr\u00e9paration doit \u00eatre faite avec discernement et en adoptant une vision \u00e0 long terme. Elle sera essentielle pour \u00eatre plus [&hellip;]<\/p>\n","protected":false},"author":1,"featured_media":0,"parent":152,"menu_order":1,"comment_status":"closed","ping_status":"closed","template":"","meta":{"_et_pb_use_builder":"on","_et_pb_old_content":"Chaque phase d'une crise est importante et induit des actions diff\u00e9rentes. J'interviens dans chacune de ses \u00e9tapes selon les besoins.\n\n<strong>Pr\u00e9paration<\/strong>\n\nAujourd\u2019hui, les organisations doivent se pr\u00e9parer \u00e0 affronter des p\u00e9riodes sensibles, des crises. Cette pr\u00e9paration doit \u00eatre faite avec discernement et en adoptant une vision \u00e0 long terme. Elle sera essentielle pour \u00eatre plus efficace en cas de crise.\n\nAinsi, j'interviens pour :\n<ul>\n \t<li>Analyser les risques, les sujets sensibles<\/li>\n \t<li>D\u00e9finir la proc\u00e9dure en cas de crise<\/li>\n \t<li>Mettre en place l\u2019organisation et les r\u00f4les des acteurs<\/li>\n \t<li>Pr\u00e9parer les plans de communication<\/li>\n \t<li>\u00c9tablir la strat\u00e9gie de communication en cas de crise<\/li>\n<\/ul>\n<strong>Gestion<\/strong>\n\nPiloter la communication en temps de crise est extr\u00eamement d\u00e9licat. Aujourd\u2019hui le panorama de la communication a beaucoup \u00e9volu\u00e9. Les r\u00e9seaux sociaux notamment sont venus bouleverser les pratiques en termes d\u2019information. Quand r\u00e9pondre&nbsp;? sur quel r\u00e9seau&nbsp;? Avec quel message&nbsp;? sont autant de questions \u00e0 r\u00e9soudre.\n\nLa m\u00e9thodologie Zencrisis \u00a9 est sp\u00e9cialement \u00e9tudi\u00e9e pour r\u00e9pondre \u00e0 ces questions.\n\n<strong>Restauration<\/strong>\n\nTrop souvent n\u00e9glig\u00e9e, voire oubli\u00e9e, la restauration est essentielle pour aider l\u2019organisation \u00e0 progresser. A la suite d\u2019une crise, l\u2019organisation doit reconstruire son image. Elle doit donc d\u00e9finir ce qu\u2019elle va entreprendre et dans quelle(s) mesure(s) elle peut y arriver.\n\nL\u2019impact de la crise devra aussi \u00eatre analys\u00e9 sous l\u2019angle des processus.","_et_gb_content_width":"","footnotes":""},"class_list":["post-117","page","type-page","status-publish","hentry"],"_links":{"self":[{"href":"https:\/\/www.zencrisis.ch\/index.php?rest_route=\/wp\/v2\/pages\/117","targetHints":{"allow":["GET"]}}],"collection":[{"href":"https:\/\/www.zencrisis.ch\/index.php?rest_route=\/wp\/v2\/pages"}],"about":[{"href":"https:\/\/www.zencrisis.ch\/index.php?rest_route=\/wp\/v2\/types\/page"}],"author":[{"embeddable":true,"href":"https:\/\/www.zencrisis.ch\/index.php?rest_route=\/wp\/v2\/users\/1"}],"replies":[{"embeddable":true,"href":"https:\/\/www.zencrisis.ch\/index.php?rest_route=%2Fwp%2Fv2%2Fcomments&post=117"}],"version-history":[{"count":14,"href":"https:\/\/www.zencrisis.ch\/index.php?rest_route=\/wp\/v2\/pages\/117\/revisions"}],"predecessor-version":[{"id":324,"href":"https:\/\/www.zencrisis.ch\/index.php?rest_route=\/wp\/v2\/pages\/117\/revisions\/324"}],"up":[{"embeddable":true,"href":"https:\/\/www.zencrisis.ch\/index.php?rest_route=\/wp\/v2\/pages\/152"}],"wp:attachment":[{"href":"https:\/\/www.zencrisis.ch\/index.php?rest_route=%2Fwp%2Fv2%2Fmedia&parent=117"}],"curies":[{"name":"wp","href":"https:\/\/api.w.org\/{rel}","templated":true}]}}